{"id":6,"date":"2023-08-03T14:07:19","date_gmt":"2023-08-03T12:07:19","guid":{"rendered":"http:\/\/vasarelypresse.com\/?page_id=6"},"modified":"2024-07-08T12:06:46","modified_gmt":"2024-07-08T10:06:46","slug":"le-nouveau-e-mucem-ouvre-ses-portes-2","status":"publish","type":"page","link":"https:\/\/vasarelypresse.com\/","title":{"rendered":"Bienvenue sur la revue de presse de la Fondation Vasarely"},"content":{"rendered":"\n<p><\/p>\n\n\n\n<div class=\"wp-block-group alignwide\"><div class=\"wp-block-group__inner-container is-layout-constrained wp-block-group-is-layout-constrained\">\n<div class=\"wp-block-buttons is-layout-flex wp-block-buttons-is-layout-flex\">\n<div class=\"wp-block-button has-custom-width wp-block-button__width-100 has-custom-font-size is-style-fill has-normal-font-size\"><a class=\"wp-block-button__link has-primary-background-color has-background wp-element-button\" href=\"http:\/\/vasarelypresse.com\/wp-content\/uploads\/2024\/07\/ACTUALITES-JURIDIQUES-AFFAIRES-VASARELY.pdf\">actualit\u00e9 juridique<\/a><\/div>\n<\/div>\n<\/div><\/div>\n\n\n\n<div class=\"wp-block-columns alignwide is-layout-flex wp-container-core-columns-is-layout-9d6595d7 wp-block-columns-is-layout-flex\">\n<div class=\"wp-block-column is-layout-flow wp-block-column-is-layout-flow\">\n<div class=\"wp-block-group\"><div class=\"wp-block-group__inner-container is-layout-flow wp-block-group-is-layout-flow\">\n<figure class=\"wp-block-image alignfull size-full\"><a href=\"http:\/\/vasarelypresse.com\/wp-content\/uploads\/2023\/08\/Revue-de-presse-Fondation-Vasarely-2023.pdf\"><img loading=\"lazy\" decoding=\"async\" width=\"1000\" height=\"1000\" src=\"http:\/\/vasarelypresse.com\/wp-content\/uploads\/2023\/08\/VEGA-ZETT-FONDATION-VASARELY.png\" alt=\"\" class=\"wp-image-57\" srcset=\"https:\/\/vasarelypresse.com\/wp-content\/uploads\/2023\/08\/VEGA-ZETT-FONDATION-VASARELY.png 1000w, https:\/\/vasarelypresse.com\/wp-content\/uploads\/2023\/08\/VEGA-ZETT-FONDATION-VASARELY-300x300.png 300w, https:\/\/vasarelypresse.com\/wp-content\/uploads\/2023\/08\/VEGA-ZETT-FONDATION-VASARELY-150x150.png 150w, https:\/\/vasarelypresse.com\/wp-content\/uploads\/2023\/08\/VEGA-ZETT-FONDATION-VASARELY-768x768.png 768w\" sizes=\"auto, (max-width: 1000px) 100vw, 1000px\" \/><\/a><\/figure>\n\n\n\n<h3 class=\"wp-block-heading\">Revue de presse 2023<\/h3>\n\n\n\n<h3 class=\"wp-block-heading has-small-font-size\" style=\"font-style:normal;font-weight:400\">101 parutions &#8211; du 1er janvier au 3 ao\u00fbt<\/h3>\n\n\n\n<div class=\"wp-block-buttons is-layout-flex wp-block-buttons-is-layout-flex\">\n<div class=\"wp-block-button has-custom-width wp-block-button__width-100\"><a class=\"wp-block-button__link has-background-color has-primary-background-color has-text-color has-background wp-element-button\" href=\"http:\/\/vasarelypresse.com\/wp-content\/uploads\/2023\/08\/Revue-de-presse-Fondation-Vasarely-2023.pdf\" style=\"border-radius:0px\">VOIR LA REVUE DE PRESSE<\/a><\/div>\n<\/div>\n<\/div><\/div>\n\n\n\n<div class=\"wp-block-group\"><div class=\"wp-block-group__inner-container is-layout-flow wp-block-group-is-layout-flow\">\n<figure class=\"wp-block-image alignfull size-full\"><a href=\"http:\/\/vasarelypresse.com\/wp-content\/uploads\/2023\/08\/Revue-de-presse-Fondation-Vasarely-2021.pdf\"><img loading=\"lazy\" decoding=\"async\" width=\"1000\" height=\"1000\" src=\"http:\/\/vasarelypresse.com\/wp-content\/uploads\/2023\/08\/BERYLL-FONDATION-VASARELY.png\" alt=\"\" class=\"wp-image-59\" srcset=\"https:\/\/vasarelypresse.com\/wp-content\/uploads\/2023\/08\/BERYLL-FONDATION-VASARELY.png 1000w, https:\/\/vasarelypresse.com\/wp-content\/uploads\/2023\/08\/BERYLL-FONDATION-VASARELY-300x300.png 300w, https:\/\/vasarelypresse.com\/wp-content\/uploads\/2023\/08\/BERYLL-FONDATION-VASARELY-150x150.png 150w, https:\/\/vasarelypresse.com\/wp-content\/uploads\/2023\/08\/BERYLL-FONDATION-VASARELY-768x768.png 768w\" sizes=\"auto, (max-width: 1000px) 100vw, 1000px\" \/><\/a><\/figure>\n\n\n\n<h3 class=\"wp-block-heading\">Revue de presse 2021<\/h3>\n\n\n\n<h3 class=\"wp-block-heading has-small-font-size\" style=\"font-style:normal;font-weight:300\">128 parutions &#8211; du 1er janvier au 8 d\u00e9cembre <\/h3>\n\n\n\n<div class=\"wp-block-buttons is-layout-flex wp-block-buttons-is-layout-flex\">\n<div class=\"wp-block-button has-custom-width wp-block-button__width-100\"><a class=\"wp-block-button__link has-background-color has-primary-background-color has-text-color has-background wp-element-button\" href=\"http:\/\/vasarelypresse.com\/wp-content\/uploads\/2023\/08\/Revue-de-presse-Fondation-Vasarely-2021.pdf\" style=\"border-radius:0px\">VOIR LA REVUE DE PRESSE<\/a><\/div>\n<\/div>\n<\/div><\/div>\n<\/div>\n\n\n\n<div class=\"wp-block-column is-layout-flow wp-block-column-is-layout-flow\">\n<div class=\"wp-block-group\"><div class=\"wp-block-group__inner-container is-layout-flow wp-block-group-is-layout-flow\">\n<figure class=\"wp-block-image alignfull size-full\"><a href=\"http:\/\/vasarelypresse.com\/wp-content\/uploads\/2023\/08\/Revue-de-presse-Fondation-Vasarely-2022.pdf\"><img loading=\"lazy\" decoding=\"async\" width=\"1000\" height=\"1000\" src=\"http:\/\/vasarelypresse.com\/wp-content\/uploads\/2023\/08\/VEGA-ANNEAUX-FONDATION-VASARELY.png\" alt=\"\" class=\"wp-image-58\" srcset=\"https:\/\/vasarelypresse.com\/wp-content\/uploads\/2023\/08\/VEGA-ANNEAUX-FONDATION-VASARELY.png 1000w, https:\/\/vasarelypresse.com\/wp-content\/uploads\/2023\/08\/VEGA-ANNEAUX-FONDATION-VASARELY-300x300.png 300w, https:\/\/vasarelypresse.com\/wp-content\/uploads\/2023\/08\/VEGA-ANNEAUX-FONDATION-VASARELY-150x150.png 150w, https:\/\/vasarelypresse.com\/wp-content\/uploads\/2023\/08\/VEGA-ANNEAUX-FONDATION-VASARELY-768x768.png 768w\" sizes=\"auto, (max-width: 1000px) 100vw, 1000px\" \/><\/a><\/figure>\n\n\n\n<h3 class=\"wp-block-heading\">Revue de presse 2022<\/h3>\n\n\n\n<h3 class=\"wp-block-heading has-small-font-size\" style=\"font-style:normal;font-weight:300\">165 parutions &#8211; du 1er janvier au 31 d\u00e9cembre <\/h3>\n\n\n\n<div class=\"wp-block-buttons is-layout-flex wp-block-buttons-is-layout-flex\">\n<div class=\"wp-block-button has-custom-width wp-block-button__width-100\"><a class=\"wp-block-button__link has-background-color has-primary-background-color has-text-color has-background wp-element-button\" href=\"http:\/\/vasarelypresse.com\/wp-content\/uploads\/2023\/08\/Revue-de-presse-Fondation-Vasarely-2022.pdf\" style=\"border-radius:0px\">VOIR LA REVUE DE PRESSE<\/a><\/div>\n<\/div>\n<\/div><\/div>\n\n\n\n<hr class=\"wp-block-separator has-alpha-channel-opacity is-style-default\"\/>\n\n\n\n<div class=\"wp-block-group\"><div class=\"wp-block-group__inner-container is-layout-flow wp-block-group-is-layout-flow\">\n<h2 class=\"wp-block-heading has-text-align-right\">Nous contacter :<\/h2>\n\n\n\n<p class=\"has-text-align-right has-normal-font-size\">Attach\u00e9e de presse : <a href=\"mailto:caroline.legot@fondationvasarely.org\" target=\"_blank\" rel=\"noreferrer noopener\">Caroline Le Got<\/a><br><br>Pr\u00e9sident : <a href=\"mailto:pierre.vasarely@fondationvasarely.org\" target=\"_blank\" rel=\"noreferrer noopener\">Pierre Vasarely<\/a><br>Secr\u00e9taire G\u00e9n\u00e9rale : <a href=\"mailto:charlotte.beyazian@fondationvasarely.org\" target=\"_blank\" rel=\"noreferrer noopener\">Charlotte Beyazian<\/a><br>Responsable des collections et des expositions : <a href=\"mailto:pascale.girard@fondationvasarely.org\" target=\"_blank\" rel=\"noreferrer noopener\">Pascale Girard<\/a><br>Responsable de la communication : <a href=\"mailto:ugo.vasarely@fondationvasarely.org\" target=\"_blank\" rel=\"noreferrer noopener\">Ugo Vasarely<\/a><\/p>\n<\/div><\/div>\n\n\n\n<hr class=\"wp-block-separator has-alpha-channel-opacity\"\/>\n\n\n\n<p class=\"has-background-color has-text-color\">.<\/p>\n\n\n\n<p class=\"has-normal-font-size\"><\/p>\n\n\n\n<p class=\"has-background-color has-text-color\">.<\/p>\n\n\n\n<div class=\"wp-block-buttons is-layout-flex wp-block-buttons-is-layout-flex\">\n<div class=\"wp-block-button has-custom-width wp-block-button__width-100 is-style-fill\"><a class=\"wp-block-button__link has-background-color has-primary-background-color has-text-color has-background has-text-align-center wp-element-button\" href=\"https:\/\/www.fondationvasarely.org\/chronosly-category\/newsletter\/\" style=\"border-radius:0px\">NEWSLETTERS DE LA FONDATION<\/a><\/div>\n<\/div>\n<\/div>\n<\/div>\n\n\n\n<figure class=\"wp-block-image alignfull size-large\"><a href=\"https:\/\/www.fondationvasarely.org\/\"><img loading=\"lazy\" decoding=\"async\" width=\"1024\" height=\"549\" src=\"http:\/\/vasarelypresse.com\/wp-content\/uploads\/2023\/08\/Visuel-fondation-vasarely-1024x549.png\" alt=\"\" class=\"wp-image-39\" srcset=\"https:\/\/vasarelypresse.com\/wp-content\/uploads\/2023\/08\/Visuel-fondation-vasarely-1024x549.png 1024w, https:\/\/vasarelypresse.com\/wp-content\/uploads\/2023\/08\/Visuel-fondation-vasarely-300x161.png 300w, https:\/\/vasarelypresse.com\/wp-content\/uploads\/2023\/08\/Visuel-fondation-vasarely-768x412.png 768w, https:\/\/vasarelypresse.com\/wp-content\/uploads\/2023\/08\/Visuel-fondation-vasarely-1536x824.png 1536w, https:\/\/vasarelypresse.com\/wp-content\/uploads\/2023\/08\/Visuel-fondation-vasarely-1200x644.png 1200w, https:\/\/vasarelypresse.com\/wp-content\/uploads\/2023\/08\/Visuel-fondation-vasarely.png 1916w\" sizes=\"auto, (max-width: 1024px) 100vw, 1024px\" \/><\/a><\/figure>\n","protected":false},"excerpt":{"rendered":"<p>Revue de presse 2023 101 parutions &#8211; du 1er janvier au 3 ao\u00fbt Revue de presse 2021 128 parutions &#8211; du 1er janvier au 8 d\u00e9cembre Revue de presse 2022 165 parutions &#8211; du 1er janvier au 31 d\u00e9cembre Nous contacter : Attach\u00e9e de presse : Caroline Le Got Pr\u00e9sident : Pierre VasarelySecr\u00e9taire G\u00e9n\u00e9rale : [&hellip;]<\/p>\n","protected":false},"author":1,"featured_media":0,"parent":0,"menu_order":0,"comment_status":"closed","ping_status":"closed","template":"","meta":{"footnotes":""},"class_list":["post-6","page","type-page","status-publish","hentry"],"_links":{"self":[{"href":"https:\/\/vasarelypresse.com\/index.php\/wp-json\/wp\/v2\/pages\/6","targetHints":{"allow":["GET"]}}],"collection":[{"href":"https:\/\/vasarelypresse.com\/index.php\/wp-json\/wp\/v2\/pages"}],"about":[{"href":"https:\/\/vasarelypresse.com\/index.php\/wp-json\/wp\/v2\/types\/page"}],"author":[{"embeddable":true,"href":"https:\/\/vasarelypresse.com\/index.php\/wp-json\/wp\/v2\/users\/1"}],"replies":[{"embeddable":true,"href":"https:\/\/vasarelypresse.com\/index.php\/wp-json\/wp\/v2\/comments?post=6"}],"version-history":[{"count":25,"href":"https:\/\/vasarelypresse.com\/index.php\/wp-json\/wp\/v2\/pages\/6\/revisions"}],"predecessor-version":[{"id":96,"href":"https:\/\/vasarelypresse.com\/index.php\/wp-json\/wp\/v2\/pages\/6\/revisions\/96"}],"wp:attachment":[{"href":"https:\/\/vasarelypresse.com\/index.php\/wp-json\/wp\/v2\/media?parent=6"}],"curies":[{"name":"wp","href":"https:\/\/api.w.org\/{rel}","templated":true}]}}